{"id":349,"date":"2022-07-06T12:42:56","date_gmt":"2022-07-06T10:42:56","guid":{"rendered":"http:\/\/www.lemarchenoir.org\/new\/?page_id=349"},"modified":"2025-03-06T17:43:49","modified_gmt":"2025-03-06T16:43:49","slug":"editions","status":"publish","type":"page","link":"http:\/\/www.lemarchenoir.org\/new\/editions\/","title":{"rendered":"\u00c9ditions"},"content":{"rendered":"\n<h3>Les mains sales<\/h3>\n\n\n\n<p><em>les arts imprim\u00e9s \u00e0 l&rsquo;ouvrage<\/em><\/p>\n\n\n\n<p>En pr\u00e9commande sur Ulule : <a href=\"https:\/\/fr.ulule.com\/livre_les_mains_sales\/\">https:\/\/fr.ulule.com\/livre_les_mains_sales\/<\/a><\/p>\n\n\n\n<figure class=\"wp-block-image\"><img decoding=\"async\" loading=\"lazy\" width=\"1024\" height=\"768\" src=\"http:\/\/www.lemarchenoir.org\/new\/wp-content\/uploads\/2022\/07\/LES-MAINS-SALES_Mockup_bingo-1024x768.jpg\" alt=\"\" class=\"wp-image-350\" srcset=\"http:\/\/www.lemarchenoir.org\/new\/wp-content\/uploads\/2022\/07\/LES-MAINS-SALES_Mockup_bingo-1024x768.jpg 1024w, http:\/\/www.lemarchenoir.org\/new\/wp-content\/uploads\/2022\/07\/LES-MAINS-SALES_Mockup_bingo-300x225.jpg 300w, http:\/\/www.lemarchenoir.org\/new\/wp-content\/uploads\/2022\/07\/LES-MAINS-SALES_Mockup_bingo-768x576.jpg 768w, http:\/\/www.lemarchenoir.org\/new\/wp-content\/uploads\/2022\/07\/LES-MAINS-SALES_Mockup_bingo.jpg 1920w\" sizes=\"(max-width: 1024px) 100vw, 1024px\" \/><\/figure>\n\n\n\n<h3><br><strong>\u00c9DITION LIMIT\u00c9E<\/strong> tir\u00e9e \u00e0 1000 exemplaires et publi\u00e9e par les <strong>\u00c9ditions Le March\u00e9 Noir<\/strong> et publi\u00e9e par les <strong>\u00c9ditions Le March\u00e9 Noir<\/strong><\/h3>\n\n\n\n<figure class=\"wp-block-image\"><img decoding=\"async\" loading=\"lazy\" width=\"1024\" height=\"768\" src=\"http:\/\/www.lemarchenoir.org\/new\/wp-content\/uploads\/2022\/07\/LES-MAINS-SALES_Mockup_avant-propos-1024x768.jpg\" alt=\"\" class=\"wp-image-357\" srcset=\"http:\/\/www.lemarchenoir.org\/new\/wp-content\/uploads\/2022\/07\/LES-MAINS-SALES_Mockup_avant-propos-1024x768.jpg 1024w, http:\/\/www.lemarchenoir.org\/new\/wp-content\/uploads\/2022\/07\/LES-MAINS-SALES_Mockup_avant-propos-300x225.jpg 300w, http:\/\/www.lemarchenoir.org\/new\/wp-content\/uploads\/2022\/07\/LES-MAINS-SALES_Mockup_avant-propos-768x576.jpg 768w, http:\/\/www.lemarchenoir.org\/new\/wp-content\/uploads\/2022\/07\/LES-MAINS-SALES_Mockup_avant-propos.jpg 1920w\" sizes=\"(max-width: 1024px) 100vw, 1024px\" \/><\/figure>\n\n\n\n<p><br>\nFormat 20 * 26 cm \u2014 204 pages&nbsp;<br>\nImpression<strong> OFFSET<\/strong> sur papiers <strong>Fedrigoni<\/strong>, papetier italien sp\u00e9cialis\u00e9 dans la fabrication de papiers haut de gamme.<br>\nDouble-couverture sur Materica Terra Rossa, papier en fibres de coton teint\u00e9 masse.<br>\nJaquette sur Pergamenata Bianco, papier parchemin\u00e9 translucide.<br>\nReliure en couture apparente.<\/p>\n\n\n\n<h3>42 artistes \/ 13 collectifs<\/h3>\n\n\n\n<ul class=\"is-layout-flex wp-block-gallery-1 wp-block-gallery columns-3 is-cropped\"><li class=\"blocks-gallery-item\"><figure><img decoding=\"async\" loading=\"lazy\" width=\"1024\" height=\"768\" src=\"http:\/\/www.lemarchenoir.org\/new\/wp-content\/uploads\/2022\/07\/LES-MAINS-SALES_Mockup_avant-propos-1-1024x768.jpg\" alt=\"\" data-id=\"358\" data-link=\"http:\/\/www.lemarchenoir.org\/new\/?attachment_id=358\" class=\"wp-image-358\" srcset=\"http:\/\/www.lemarchenoir.org\/new\/wp-content\/uploads\/2022\/07\/LES-MAINS-SALES_Mockup_avant-propos-1-1024x768.jpg 1024w, http:\/\/www.lemarchenoir.org\/new\/wp-content\/uploads\/2022\/07\/LES-MAINS-SALES_Mockup_avant-propos-1-300x225.jpg 300w, http:\/\/www.lemarchenoir.org\/new\/wp-content\/uploads\/2022\/07\/LES-MAINS-SALES_Mockup_avant-propos-1-768x576.jpg 768w, http:\/\/www.lemarchenoir.org\/new\/wp-content\/uploads\/2022\/07\/LES-MAINS-SALES_Mockup_avant-propos-1.jpg 1920w\" sizes=\"(max-width: 1024px) 100vw, 1024px\" \/><\/figure><\/li><li class=\"blocks-gallery-item\"><figure><img decoding=\"async\" loading=\"lazy\" width=\"1024\" height=\"768\" src=\"http:\/\/www.lemarchenoir.org\/new\/wp-content\/uploads\/2022\/07\/LES-MAINS-SALES_Mockup_d\u00e9prez-1024x768.jpg\" alt=\"\" data-id=\"359\" data-link=\"http:\/\/www.lemarchenoir.org\/new\/?attachment_id=359\" class=\"wp-image-359\" srcset=\"http:\/\/www.lemarchenoir.org\/new\/wp-content\/uploads\/2022\/07\/LES-MAINS-SALES_Mockup_d\u00e9prez-1024x768.jpg 1024w, http:\/\/www.lemarchenoir.org\/new\/wp-content\/uploads\/2022\/07\/LES-MAINS-SALES_Mockup_d\u00e9prez-300x225.jpg 300w, http:\/\/www.lemarchenoir.org\/new\/wp-content\/uploads\/2022\/07\/LES-MAINS-SALES_Mockup_d\u00e9prez-768x576.jpg 768w, http:\/\/www.lemarchenoir.org\/new\/wp-content\/uploads\/2022\/07\/LES-MAINS-SALES_Mockup_d\u00e9prez.jpg 1920w\" sizes=\"(max-width: 1024px) 100vw, 1024px\" \/><\/figure><\/li><li class=\"blocks-gallery-item\"><figure><img decoding=\"async\" loading=\"lazy\" width=\"1024\" height=\"768\" src=\"http:\/\/www.lemarchenoir.org\/new\/wp-content\/uploads\/2022\/07\/LES-MAINS-SALES_Mockup_dompteur-\u00e0-papier-1024x768.jpg\" alt=\"\" data-id=\"360\" data-link=\"http:\/\/www.lemarchenoir.org\/new\/?attachment_id=360\" class=\"wp-image-360\" srcset=\"http:\/\/www.lemarchenoir.org\/new\/wp-content\/uploads\/2022\/07\/LES-MAINS-SALES_Mockup_dompteur-\u00e0-papier-1024x768.jpg 1024w, http:\/\/www.lemarchenoir.org\/new\/wp-content\/uploads\/2022\/07\/LES-MAINS-SALES_Mockup_dompteur-\u00e0-papier-300x225.jpg 300w, http:\/\/www.lemarchenoir.org\/new\/wp-content\/uploads\/2022\/07\/LES-MAINS-SALES_Mockup_dompteur-\u00e0-papier-768x576.jpg 768w, http:\/\/www.lemarchenoir.org\/new\/wp-content\/uploads\/2022\/07\/LES-MAINS-SALES_Mockup_dompteur-\u00e0-papier.jpg 1920w\" sizes=\"(max-width: 1024px) 100vw, 1024px\" \/><\/figure><\/li><li class=\"blocks-gallery-item\"><figure><img decoding=\"async\" loading=\"lazy\" width=\"1024\" height=\"768\" src=\"http:\/\/www.lemarchenoir.org\/new\/wp-content\/uploads\/2022\/07\/LES-MAINS-SALES_Mockup_dompteur-de-papier-1024x768.jpg\" alt=\"\" data-id=\"361\" data-link=\"http:\/\/www.lemarchenoir.org\/new\/?attachment_id=361\" class=\"wp-image-361\" srcset=\"http:\/\/www.lemarchenoir.org\/new\/wp-content\/uploads\/2022\/07\/LES-MAINS-SALES_Mockup_dompteur-de-papier-1024x768.jpg 1024w, http:\/\/www.lemarchenoir.org\/new\/wp-content\/uploads\/2022\/07\/LES-MAINS-SALES_Mockup_dompteur-de-papier-300x225.jpg 300w, http:\/\/www.lemarchenoir.org\/new\/wp-content\/uploads\/2022\/07\/LES-MAINS-SALES_Mockup_dompteur-de-papier-768x576.jpg 768w, http:\/\/www.lemarchenoir.org\/new\/wp-content\/uploads\/2022\/07\/LES-MAINS-SALES_Mockup_dompteur-de-papier.jpg 1920w\" sizes=\"(max-width: 1024px) 100vw, 1024px\" \/><\/figure><\/li><li class=\"blocks-gallery-item\"><figure><img decoding=\"async\" loading=\"lazy\" width=\"1024\" height=\"768\" src=\"http:\/\/www.lemarchenoir.org\/new\/wp-content\/uploads\/2022\/07\/LES-MAINS-SALES_Mockup_mcclane-1024x768.jpg\" alt=\"\" data-id=\"362\" data-link=\"http:\/\/www.lemarchenoir.org\/new\/?attachment_id=362\" class=\"wp-image-362\" srcset=\"http:\/\/www.lemarchenoir.org\/new\/wp-content\/uploads\/2022\/07\/LES-MAINS-SALES_Mockup_mcclane-1024x768.jpg 1024w, http:\/\/www.lemarchenoir.org\/new\/wp-content\/uploads\/2022\/07\/LES-MAINS-SALES_Mockup_mcclane-300x225.jpg 300w, http:\/\/www.lemarchenoir.org\/new\/wp-content\/uploads\/2022\/07\/LES-MAINS-SALES_Mockup_mcclane-768x576.jpg 768w, http:\/\/www.lemarchenoir.org\/new\/wp-content\/uploads\/2022\/07\/LES-MAINS-SALES_Mockup_mcclane.jpg 1920w\" sizes=\"(max-width: 1024px) 100vw, 1024px\" \/><\/figure><\/li><li class=\"blocks-gallery-item\"><figure><img decoding=\"async\" loading=\"lazy\" width=\"1024\" height=\"768\" src=\"http:\/\/www.lemarchenoir.org\/new\/wp-content\/uploads\/2022\/07\/LES-MAINS-SALES_Mockup_mcclayne-1024x768.jpg\" alt=\"\" data-id=\"363\" data-link=\"http:\/\/www.lemarchenoir.org\/new\/?attachment_id=363\" class=\"wp-image-363\" srcset=\"http:\/\/www.lemarchenoir.org\/new\/wp-content\/uploads\/2022\/07\/LES-MAINS-SALES_Mockup_mcclayne-1024x768.jpg 1024w, http:\/\/www.lemarchenoir.org\/new\/wp-content\/uploads\/2022\/07\/LES-MAINS-SALES_Mockup_mcclayne-300x225.jpg 300w, http:\/\/www.lemarchenoir.org\/new\/wp-content\/uploads\/2022\/07\/LES-MAINS-SALES_Mockup_mcclayne-768x576.jpg 768w, http:\/\/www.lemarchenoir.org\/new\/wp-content\/uploads\/2022\/07\/LES-MAINS-SALES_Mockup_mcclayne.jpg 1920w\" sizes=\"(max-width: 1024px) 100vw, 1024px\" \/><\/figure><\/li><li class=\"blocks-gallery-item\"><figure><img decoding=\"async\" loading=\"lazy\" width=\"1024\" height=\"768\" src=\"http:\/\/www.lemarchenoir.org\/new\/wp-content\/uploads\/2022\/07\/LES-MAINS-SALES_Mockupbalcan-1024x768.jpg\" alt=\"\" data-id=\"364\" data-link=\"http:\/\/www.lemarchenoir.org\/new\/?attachment_id=364\" class=\"wp-image-364\" srcset=\"http:\/\/www.lemarchenoir.org\/new\/wp-content\/uploads\/2022\/07\/LES-MAINS-SALES_Mockupbalcan-1024x768.jpg 1024w, http:\/\/www.lemarchenoir.org\/new\/wp-content\/uploads\/2022\/07\/LES-MAINS-SALES_Mockupbalcan-300x225.jpg 300w, http:\/\/www.lemarchenoir.org\/new\/wp-content\/uploads\/2022\/07\/LES-MAINS-SALES_Mockupbalcan-768x576.jpg 768w, http:\/\/www.lemarchenoir.org\/new\/wp-content\/uploads\/2022\/07\/LES-MAINS-SALES_Mockupbalcan.jpg 1920w\" sizes=\"(max-width: 1024px) 100vw, 1024px\" \/><\/figure><\/li><\/ul>\n\n\n\n<p>L&rsquo;ouvrage \u00ab <em>Les mains sales \u00bb<\/em> propose un voyage dans l&rsquo;univers des <strong>arts imprim\u00e9s et de la micro-\u00e9dition ind\u00e9pendante<\/strong> en prenant \u00e0 t\u00e9moins <strong>42 artistes dont 13 collectifs<\/strong>, un auteur-\u00e9diteur et une imprimerie coop\u00e9rative.&nbsp;<br><em>des interviews des cr\u00e9ations<\/em><\/p>\n\n\n\n<p>Tous les artistes et collectifs invit\u00e9s vous <strong>pr\u00e9sentent leur travail<\/strong> et livrent un<strong> t\u00e9moignage<\/strong> autour des arts imprim\u00e9s, de leurs techniques (<strong>gravure<\/strong> \u2014 <strong>s\u00e9rigraphie<\/strong> \u2014 <strong>typographie traditionnelle<\/strong> \u2014 <strong>offset <\/strong>\u2014 etc.), mais aussi de leurs engagements et inspirations.<\/p>\n\n\n\n<p>Cette  exploration \u00e9ditoriale marque les dix ans d\u2019une belle aventure men\u00e9e  par un groupuscule d&rsquo;artistes qui ont choisi, en 2012, de fonder <em>Le March\u00e9 Noir,<\/em> une communaut\u00e9 de pens\u00e9e et d&rsquo;action anim\u00e9e par le d\u00e9sir de partager son enthousiasme <strong>pour l\u2019\u00e9dition et les techniques de cr\u00e9ation et d\u2019impression artisanale<\/strong>.<\/p>\n\n\n\n<h3>Vous pouvez acheter cette \u00e9dition en allant sur le Ulule de pr\u00e9-achat<\/h3>\n\n\n\n<hr class=\"wp-block-separator is-style-wide\"\/>\n\n\n\n<p><strong>les collectifs et artistes pr\u00e9sents dans l&rsquo;\u00e9dition : <\/strong><br>Olivier Deprez (Be)<br>Tontons Racleurs (Be)<br>Phileas Dog<br>Les Dompteurs de Papier<br>Affiche Moilkan<br>Atelier McClane <br>J\u00e9r\u00f4me Maillet<br>Boris Jakobek<br>Sophie Lecuyer<br>l&rsquo;\u00c9pluche doigt <br>atelier bingo<br>Katja Elbaid<br>atelier sabordage<br>Super Terrain<br>Les Concasseurs<br>Draw draw <br>l&rsquo;Atelier du Bourg<br>La Presse-Pur\u00e9e<br>l&rsquo;Atelier Barbe \u00e0 Papier<br>l&rsquo;Imprimerie <\/p>\n\n\n\n<p><\/p>\n","protected":false},"excerpt":{"rendered":"<p>Les mains sales les arts imprim\u00e9s \u00e0 l&rsquo;ouvrage En pr\u00e9commande sur Ulule : https:\/\/fr.ulule.com\/livre_les_mains_sales\/ \u00c9DITION LIMIT\u00c9E tir\u00e9e \u00e0 1000 exemplaires et publi\u00e9e par les \u00c9ditions Le March\u00e9 Noir et publi\u00e9e par les \u00c9ditions Le March\u00e9 Noir Format 20 * 26 cm \u2014 204 pages&nbsp; Impression OFFSET sur papiers Fedrigoni, papetier italien sp\u00e9cialis\u00e9 dans la fabrication [&hellip;]<\/p>\n","protected":false},"author":1,"featured_media":0,"parent":0,"menu_order":0,"comment_status":"closed","ping_status":"closed","template":"","meta":[],"grid":"{\r\n  \"colCount\": 12,\r\n  \"colGutter\": 3,\r\n  \"rowGutters\": [],\r\n  \"frameMargin\": 5,\r\n  \"leftFrameMargin\": 3,\r\n  \"rightFrameMargin\": 3,\r\n  \"topFrameMargin\": 150,\r\n  \"bottomFrameMargin\": 5,\r\n  \"rowAttrs\": [\r\n    {\r\n      \"relid\": 4\r\n    }\r\n  ],\r\n  \"bgColor\": null,\r\n  \"cont\": [\r\n    {\r\n      \"type\": \"carousel\",\r\n      \"cont\": \"\",\r\n      \"align\": \"top\",\r\n      \"row\": 0,\r\n      \"col\": 0,\r\n      \"colspan\": 7,\r\n      \"offsetx\": 0,\r\n      \"offsety\": 0,\r\n      \"spaceabove\": 0,\r\n      \"spacebelow\": 0,\r\n      \"yvel\": 1,\r\n      \"push\": 0,\r\n      \"relid\": 440,\r\n      \"carousel_options\": {\r\n        \"random\": false,\r\n        \"autoplay\": true,\r\n        \"showMultipleSlides\": false,\r\n        \"freeScroll\": false,\r\n        \"mousewheelScroll\": false,\r\n        \"size\": \"aspectRatioOfFirstElement\",\r\n        \"slidesWidth\": \"null\",\r\n        \"transition\": \"sliding\",\r\n        \"loop\": \"1\",\r\n        \"spaceBetween\": 0,\r\n        \"captionsUnderSlides\": false,\r\n        \"autoplaySpeed\": 2000,\r\n        \"autoplayDelay\": 0,\r\n        \"transitionSpeed\": 300,\r\n        \"disableClick\": false,\r\n        \"fillSlides\": false\r\n      },\r\n      \"carousel\": [\r\n        {\r\n          \"type\": \"img\",\r\n          \"attid\": 550,\r\n          \"cont\": \"\/wp-content\/uploads\/2022\/10\/LES-MAINS-SALES_Mockup_001-WEB.jpg\",\r\n          \"sizes\": {\r\n            \"full\": \"\/wp-content\/uploads\/2022\/10\/LES-MAINS-SALES_Mockup_001-WEB.jpg\",\r\n            \"_1280\": \"\/wp-content\/uploads\/2022\/10\/LES-MAINS-SALES_Mockup_001-WEB-1280x960.jpg\",\r\n            \"_1024\": \"\/wp-content\/uploads\/2022\/10\/LES-MAINS-SALES_Mockup_001-WEB-1024x768.jpg\",\r\n            \"_768\": \"\/wp-content\/uploads\/2022\/10\/LES-MAINS-SALES_Mockup_001-WEB-768x576.jpg\",\r\n            \"_512\": \"\/wp-content\/uploads\/2022\/10\/LES-MAINS-SALES_Mockup_001-WEB-512x384.jpg\",\r\n            \"_265\": \"\/wp-content\/uploads\/2022\/10\/LES-MAINS-SALES_Mockup_001-WEB-265x199.jpg\"\r\n          },\r\n          \"w\": 1920,\r\n          \"h\": 1440,\r\n          \"ar\": 0.75,\r\n          \"alt\": \"\"\r\n        },\r\n        {\r\n          \"type\": \"img\",\r\n          \"attid\": 551,\r\n          \"cont\": \"\/wp-content\/uploads\/2022\/10\/LES-MAINS-SALES_Mockup_002-BIS.jpg\",\r\n          \"sizes\": {\r\n            \"full\": \"\/wp-content\/uploads\/2022\/10\/LES-MAINS-SALES_Mockup_002-BIS.jpg\",\r\n            \"_1280\": \"\/wp-content\/uploads\/2022\/10\/LES-MAINS-SALES_Mockup_002-BIS-1280x960.jpg\",\r\n            \"_1024\": \"\/wp-content\/uploads\/2022\/10\/LES-MAINS-SALES_Mockup_002-BIS-1024x768.jpg\",\r\n            \"_768\": \"\/wp-content\/uploads\/2022\/10\/LES-MAINS-SALES_Mockup_002-BIS-768x576.jpg\",\r\n            \"_512\": \"\/wp-content\/uploads\/2022\/10\/LES-MAINS-SALES_Mockup_002-BIS-512x384.jpg\",\r\n            \"_265\": \"\/wp-content\/uploads\/2022\/10\/LES-MAINS-SALES_Mockup_002-BIS-265x199.jpg\"\r\n          },\r\n          \"w\": 1920,\r\n          \"h\": 1440,\r\n          \"ar\": 0.75,\r\n          \"alt\": \"\"\r\n        },\r\n        {\r\n          \"type\": \"img\",\r\n          \"attid\": 540,\r\n          \"cont\": \"\/wp-content\/uploads\/2022\/10\/IMG_1056.jpg\",\r\n          \"sizes\": {\r\n            \"full\": \"\/wp-content\/uploads\/2022\/10\/IMG_1056.jpg\",\r\n            \"_1280\": \"\/wp-content\/uploads\/2022\/10\/IMG_1056-1280x960.jpg\",\r\n            \"_1024\": \"\/wp-content\/uploads\/2022\/10\/IMG_1056-1024x768.jpg\",\r\n            \"_768\": \"\/wp-content\/uploads\/2022\/10\/IMG_1056-768x576.jpg\",\r\n            \"_512\": \"\/wp-content\/uploads\/2022\/10\/IMG_1056-512x384.jpg\",\r\n            \"_265\": \"\/wp-content\/uploads\/2022\/10\/IMG_1056-265x199.jpg\"\r\n          },\r\n          \"w\": 1920,\r\n          \"h\": 1440,\r\n          \"ar\": 0.75,\r\n          \"alt\": \"\"\r\n        },\r\n        {\r\n          \"type\": \"img\",\r\n          \"attid\": 516,\r\n          \"cont\": \"\/wp-content\/uploads\/2022\/10\/IMG_10341.jpg\",\r\n          \"sizes\": {\r\n            \"full\": \"\/wp-content\/uploads\/2022\/10\/IMG_10341.jpg\",\r\n            \"_1024\": \"\/wp-content\/uploads\/2022\/10\/IMG_10341-1024x770.jpg\",\r\n            \"_768\": \"\/wp-content\/uploads\/2022\/10\/IMG_10341-768x578.jpg\",\r\n            \"_512\": \"\/wp-content\/uploads\/2022\/10\/IMG_10341-512x385.jpg\",\r\n            \"_265\": \"\/wp-content\/uploads\/2022\/10\/IMG_10341-265x199.jpg\"\r\n          },\r\n          \"w\": 1206,\r\n          \"h\": 907,\r\n          \"ar\": 0.7520729684908789,\r\n          \"alt\": \"\"\r\n        },\r\n        {\r\n          \"type\": \"img\",\r\n          \"attid\": 358,\r\n          \"cont\": \"\/wp-content\/uploads\/2022\/07\/LES-MAINS-SALES_Mockup_avant-propos-1.jpg\",\r\n          \"sizes\": {\r\n            \"full\": \"\/wp-content\/uploads\/2022\/07\/LES-MAINS-SALES_Mockup_avant-propos-1.jpg\"\r\n          },\r\n          \"w\": 1920,\r\n          \"h\": 1440,\r\n          \"ar\": 0.75,\r\n          \"alt\": \"\"\r\n        },\r\n        {\r\n          \"type\": \"img\",\r\n          \"attid\": 543,\r\n          \"cont\": \"\/wp-content\/uploads\/2022\/10\/IMG_1059.jpg\",\r\n          \"sizes\": {\r\n            \"full\": \"\/wp-content\/uploads\/2022\/10\/IMG_1059.jpg\",\r\n            \"_1280\": \"\/wp-content\/uploads\/2022\/10\/IMG_1059-1280x960.jpg\",\r\n            \"_1024\": \"\/wp-content\/uploads\/2022\/10\/IMG_1059-1024x768.jpg\",\r\n            \"_768\": \"\/wp-content\/uploads\/2022\/10\/IMG_1059-768x576.jpg\",\r\n            \"_512\": \"\/wp-content\/uploads\/2022\/10\/IMG_1059-512x384.jpg\",\r\n            \"_265\": \"\/wp-content\/uploads\/2022\/10\/IMG_1059-265x199.jpg\"\r\n          },\r\n          \"w\": 1920,\r\n          \"h\": 1440,\r\n          \"ar\": 0.75,\r\n          \"alt\": \"\"\r\n        },\r\n        {\r\n          \"type\": \"img\",\r\n          \"attid\": 527,\r\n          \"cont\": \"\/wp-content\/uploads\/2022\/10\/IMG_1044.jpg\",\r\n          \"sizes\": {\r\n            \"full\": \"\/wp-content\/uploads\/2022\/10\/IMG_1044.jpg\",\r\n            \"_1280\": \"\/wp-content\/uploads\/2022\/10\/IMG_1044-1280x960.jpg\",\r\n            \"_1024\": \"\/wp-content\/uploads\/2022\/10\/IMG_1044-1024x768.jpg\",\r\n            \"_768\": \"\/wp-content\/uploads\/2022\/10\/IMG_1044-768x576.jpg\",\r\n            \"_512\": \"\/wp-content\/uploads\/2022\/10\/IMG_1044-512x384.jpg\",\r\n            \"_265\": \"\/wp-content\/uploads\/2022\/10\/IMG_1044-265x199.jpg\"\r\n          },\r\n          \"w\": 1920,\r\n          \"h\": 1440,\r\n          \"ar\": 0.75,\r\n          \"alt\": \"\"\r\n        },\r\n        {\r\n          \"type\": \"img\",\r\n          \"attid\": 363,\r\n          \"cont\": \"\/wp-content\/uploads\/2022\/07\/LES-MAINS-SALES_Mockup_mcclayne.jpg\",\r\n          \"sizes\": {\r\n            \"full\": \"\/wp-content\/uploads\/2022\/07\/LES-MAINS-SALES_Mockup_mcclayne.jpg\"\r\n          },\r\n          \"w\": 1920,\r\n          \"h\": 1440,\r\n          \"ar\": 0.75,\r\n          \"alt\": \"\"\r\n        },\r\n        {\r\n          \"type\": \"img\",\r\n          \"attid\": 350,\r\n          \"cont\": \"\/wp-content\/uploads\/2022\/07\/LES-MAINS-SALES_Mockup_bingo.jpg\",\r\n          \"sizes\": {\r\n            \"full\": \"\/wp-content\/uploads\/2022\/07\/LES-MAINS-SALES_Mockup_bingo.jpg\"\r\n          },\r\n          \"w\": 1920,\r\n          \"h\": 1440,\r\n          \"ar\": 0.75,\r\n          \"alt\": \"\"\r\n        },\r\n        {\r\n          \"type\": \"img\",\r\n          \"attid\": 525,\r\n          \"cont\": \"\/wp-content\/uploads\/2022\/10\/IMG_1042.jpg\",\r\n          \"sizes\": {\r\n            \"full\": \"\/wp-content\/uploads\/2022\/10\/IMG_1042.jpg\",\r\n            \"_1280\": \"\/wp-content\/uploads\/2022\/10\/IMG_1042-1280x960.jpg\",\r\n            \"_1024\": \"\/wp-content\/uploads\/2022\/10\/IMG_1042-1024x768.jpg\",\r\n            \"_768\": \"\/wp-content\/uploads\/2022\/10\/IMG_1042-768x576.jpg\",\r\n            \"_512\": \"\/wp-content\/uploads\/2022\/10\/IMG_1042-512x384.jpg\",\r\n            \"_265\": \"\/wp-content\/uploads\/2022\/10\/IMG_1042-265x199.jpg\"\r\n          },\r\n          \"w\": 1920,\r\n          \"h\": 1440,\r\n          \"ar\": 0.75,\r\n          \"alt\": \"\"\r\n        },\r\n        {\r\n          \"type\": \"img\",\r\n          \"attid\": 359,\r\n          \"cont\": \"\/wp-content\/uploads\/2022\/07\/LES-MAINS-SALES_Mockup_d\u00e9prez.jpg\",\r\n          \"sizes\": {\r\n            \"full\": \"\/wp-content\/uploads\/2022\/07\/LES-MAINS-SALES_Mockup_d\u00e9prez.jpg\"\r\n          },\r\n          \"w\": 1920,\r\n          \"h\": 1440,\r\n          \"ar\": 0.75,\r\n          \"alt\": \"\"\r\n        },\r\n        {\r\n          \"type\": \"img\",\r\n          \"attid\": 364,\r\n          \"cont\": \"\/wp-content\/uploads\/2022\/07\/LES-MAINS-SALES_Mockupbalcan.jpg\",\r\n          \"sizes\": {\r\n            \"full\": \"\/wp-content\/uploads\/2022\/07\/LES-MAINS-SALES_Mockupbalcan.jpg\"\r\n          },\r\n          \"w\": 1920,\r\n          \"h\": 1440,\r\n          \"ar\": 0.75,\r\n          \"alt\": \"\"\r\n        },\r\n        {\r\n          \"type\": \"img\",\r\n          \"attid\": 361,\r\n          \"cont\": \"\/wp-content\/uploads\/2022\/07\/LES-MAINS-SALES_Mockup_dompteur-de-papier.jpg\",\r\n          \"sizes\": {\r\n            \"full\": \"\/wp-content\/uploads\/2022\/07\/LES-MAINS-SALES_Mockup_dompteur-de-papier.jpg\"\r\n          },\r\n          \"w\": 1920,\r\n          \"h\": 1440,\r\n          \"ar\": 0.75,\r\n          \"alt\": \"\"\r\n        },\r\n        {\r\n          \"type\": \"img\",\r\n          \"attid\": 531,\r\n          \"cont\": \"\/wp-content\/uploads\/2022\/10\/IMG_1053.jpg\",\r\n          \"sizes\": {\r\n            \"full\": \"\/wp-content\/uploads\/2022\/10\/IMG_1053.jpg\",\r\n            \"_1280\": \"\/wp-content\/uploads\/2022\/10\/IMG_1053-1280x960.jpg\",\r\n            \"_1024\": \"\/wp-content\/uploads\/2022\/10\/IMG_1053-1024x768.jpg\",\r\n            \"_768\": \"\/wp-content\/uploads\/2022\/10\/IMG_1053-768x576.jpg\",\r\n            \"_512\": \"\/wp-content\/uploads\/2022\/10\/IMG_1053-512x384.jpg\",\r\n            \"_265\": \"\/wp-content\/uploads\/2022\/10\/IMG_1053-265x199.jpg\"\r\n          },\r\n          \"w\": 1920,\r\n          \"h\": 1440,\r\n          \"ar\": 0.75,\r\n          \"alt\": \"\"\r\n        }\r\n      ],\r\n      \"absolute_position\": false\r\n    },\r\n    {\r\n      \"type\": \"text\",\r\n      \"cont\": \"<h1 class=\\\"_Titre_1\\\"><strong>Les Mains sales<\/strong><\/h1>\\n<p class=\\\"_Texte_labeur\\\">les arts imprim\u00e9s \u00e0 l\u2019ouvrage<\/p>\\n<p>\u00c9ditions Le March\u00e9 Noir, oct. 2022<br \/>Format 20 * 26 cm \u2014\u00a0204 pages<br \/>Double-couverture + reliure en couture apparente + jaquette<br \/>Tirage limit\u00e9 \u00e0 1000 exemplaires<\/p>\\n<p>L\u2019ouvrage \u00ab <i>Les mains sales \u00bb<\/i> propose un voyage in\u00e9dit dans le quotidien des artistes qui abordent l\u2019<strong>impression artisanale<\/strong> comme un <strong>m\u00e9dium de cr\u00e9ation<\/strong> : gravure, s\u00e9rigraphie, typo, offset, etc. En prenant \u00e0 t\u00e9moins, en textes et en images, <strong>42 artistes dont 13 collectifs<\/strong>, un auteur-\u00e9diteur et une imprimerie coop\u00e9rative, \u00ab Les Mains Sales \u00bb donne la parole \u00e0 un microcosme foisonnant et passionnant, souvent encore m\u00e9connu du grand public.<\/p>\\n<p><strong>EN VENTE<\/strong><br \/>\u25cf sur place : <a rel=\\\"noopener\\\" href=\\\"https:\/\/goo.gl\/maps\/CNMuz6ywnJ78Davz5\\\" target=\\\"_blank\\\">l'atelier du March\u00e9 Noir<\/a><br \/>\u25cf en ligne : <a rel=\\\"noopener\\\" href=\\\"https:\/\/atelierdubourg.fr\/adb\/produit\/les-mains-sales\/\\\" target=\\\"_blank\\\">la boutique de L'Atelier du Bourg<\/a><br \/>\u25cf infos\u00a0 \/ contact : <span><a href=\\\"mailto:editions@lemarchenoir.org\\\">editions@lemarchenoir.org<\/a><\/span><br \/><br \/>Projet \u00e0 but non-lucratif, auto-financ\u00e9 et publi\u00e9 par les \u00c9ditions Le March\u00e9 Noir. Ouvrage imprim\u00e9 \u00e0 Rennes sur les presses de Media Graphic en juin 2022, en partenariat avec Fedrigoni, papetier italien sp\u00e9cialis\u00e9 dans le papier haut de gamme. Reliure en couture apparente r\u00e9alis\u00e9e par Cl\u00e9ment Fa\u00e7onnages \u00e0 Nancy.<br \/><br \/>Artistes, auteurs et collectifs invit\u00e9s :<br \/><br \/>\u25cf Belgique \u2192 Olivier Deprez \u2022 Les Concasseurs \u2022 Les Tontons Racleurs \u25cf Nord-est \u2192 Affiche Moilkan \u2022 Sophie L\u00e9cuyer \u2022 Sabordage \u25cf Sud-est \u2192 Draw Draw \u2022 Olivier Desprez \u2022 Les Dompteurs de Papier \u2022 L\u2019\u00c9pluche-doigts \u2022 Phileas Dog Corporation \u2022 Sabordage \u2022 Super Terrain \u25cf Nord-ouest \u2192 L\u2019Atelier du Bourg \u2022 L\u2019Atelier Barbe \u00e0 Papier \u2022 Atelier Bingo \u2022 Katja Bot \u2022 Les Concasseurs \u2022 Atelier L\u2019Imprimerie \u2022 Boris Jacobek \u2022 J\u00e9r\u00f4me Maillet \u2022 Le March\u00e9 Noir \u2022 Atelier McClane \u2022 La Presse Pur\u00e9e \u2022 Super Terrain<\/p>\",\r\n      \"align\": \"top\",\r\n      \"row\": 0,\r\n      \"col\": 7,\r\n      \"colspan\": 5,\r\n      \"offsetx\": 0,\r\n      \"offsety\": 0,\r\n      \"spaceabove\": 0,\r\n      \"spacebelow\": 0,\r\n      \"yvel\": 1,\r\n      \"push\": 0,\r\n      \"relid\": 518,\r\n      \"absolute_position\": false\r\n    }\r\n  ]\r\n}","phonegrid":"","_links":{"self":[{"href":"http:\/\/www.lemarchenoir.org\/new\/wp-json\/wp\/v2\/pages\/349"}],"collection":[{"href":"http:\/\/www.lemarchenoir.org\/new\/wp-json\/wp\/v2\/pages"}],"about":[{"href":"http:\/\/www.lemarchenoir.org\/new\/wp-json\/wp\/v2\/types\/page"}],"author":[{"embeddable":true,"href":"http:\/\/www.lemarchenoir.org\/new\/wp-json\/wp\/v2\/users\/1"}],"replies":[{"embeddable":true,"href":"http:\/\/www.lemarchenoir.org\/new\/wp-json\/wp\/v2\/comments?post=349"}],"version-history":[{"count":11,"href":"http:\/\/www.lemarchenoir.org\/new\/wp-json\/wp\/v2\/pages\/349\/revisions"}],"predecessor-version":[{"id":399,"href":"http:\/\/www.lemarchenoir.org\/new\/wp-json\/wp\/v2\/pages\/349\/revisions\/399"}],"wp:attachment":[{"href":"http:\/\/www.lemarchenoir.org\/new\/wp-json\/wp\/v2\/media?parent=349"}],"curies":[{"name":"wp","href":"https:\/\/api.w.org\/{rel}","templated":true}]}}