{"id":250,"date":"2019-07-05T15:52:34","date_gmt":"2019-07-05T13:52:34","guid":{"rendered":"http:\/\/www.lemarchenoir.org\/new\/?page_id=250"},"modified":"2025-06-03T16:58:20","modified_gmt":"2025-06-03T14:58:20","slug":"cours-ateliers","status":"publish","type":"page","link":"http:\/\/www.lemarchenoir.org\/new\/cours-ateliers\/","title":{"rendered":"Cours\/ateliers"},"content":{"rendered":"\n<div class=\"is-layout-flex wp-container-3 wp-block-columns has-2-columns\">\n<div class=\"is-layout-flow wp-block-column\">\n<h3>Ateliers<br>Cours<br>Stages<\/h3>\n<\/div>\n\n\n\n<div class=\"is-layout-flow wp-block-column\">\n<h4>Adresse<\/h4>\n\n\n\n<p>Atelier Le March\u00e9 Noir<br>11, rue de Flandre<br>35000 Rennes<\/p>\n\n\n\n<p class=\"has-small-font-size\">Bus C4, m\u00e9tro, V\u00e9lo STAR :<br>arr\u00eat et station Villejean Universit\u00e9<\/p>\n<\/div>\n<\/div>\n\n\n\n<hr class=\"wp-block-separator is-style-wide\"\/>\n\n\n\n<div class=\"is-layout-flex wp-container-6 wp-block-columns has-2-columns\">\n<div class=\"is-layout-flow wp-block-column\">\n<h4>Atelier de gravure<\/h4>\n\n\n\n<p>Initiation \u00e0 la gravure ouvert aux <br> d\u00e9butants ou aux ex-graveurs qui voudraient <br> renouer avec la pratique.<\/p>\n\n\n\n<p>L&rsquo;Atelier Gravure propose une initiation aux&nbsp; techniques de gravure, technique sp\u00e9cifique suivant la s\u00e9ance (taille d&rsquo;\u00e9pargne, taille douce, eaux fortes). Le mat\u00e9riel est fourni. Vous repartirez avec vos exemplaires <br>\nproduits sur place.&nbsp;<\/p>\n\n\n\n<p>1 samedi par mois, de 14h \u00e0 18h.<br>Public adulte \u2013 Niveau d\u00e9butant.&nbsp;<br>Nombre de places : entre 6 et 14 par session.<br>Tarif : 40 \u20ac \/ personne par s\u00e9ance.<br>(mat\u00e9riel inclu) <br>Dispositif \u00ab\u00a0Sortir\u00a0\u00bb<\/p>\n\n\n\n<p>Infos \/ inscription :<br>\u2192 <a rel=\"noreferrer noopener\" href=\"https:\/\/atelierimprimerie.wordpress.com\/\" target=\"_blank\">Atelier L\u2019Imprimerie<\/a><\/p>\n\n\n\n<hr class=\"wp-block-separator\"\/>\n<\/div>\n\n\n\n<div class=\"is-layout-flow wp-block-column\">\n<h4>Initiation s\u00e9rigraphie<\/h4>\n\n\n\n<p>La Fabrique est ouverte \u00e0 tous, d\u00e9butants ou f\u00e9rus. Les participants mettent la main \u00e0 la p\u00e2te \u00e0 toutes les \u00e9tapes : cr\u00e9ation, insolation, impression, fa\u00e7onnage\u2026 et repartiront les mains sales mais avec un exemplaire in\u00e9dit des cr\u00e9ations collectives du jour !&nbsp;<\/p>\n\n\n\n<p>1 samedi par mois, de 14 \u00e0 19h.<br>Public adulte \u2013 Niveau d\u00e9butant.&nbsp;<br>Nombre de places : entre 6 et 14 par session.<br>Tarif : 40 \u20ac \/ personne (mat\u00e9riel inclu)<br>Dispositif \u00ab\u00a0Sortir\u00a0\u00bb<\/p>\n\n\n\n<p>Infos \/ inscription :<br>\u2192 <a rel=\"noreferrer noopener\" aria-label=\" (s\u2019ouvre dans un nouvel onglet)\" href=\"https:\/\/atelierdubourg.fr\/adb\/portfolio\/la-fabrique-du-samedi\/\" target=\"_blank\">L\u2019Atelier du Bourg<\/a><\/p>\n\n\n\n<hr class=\"wp-block-separator\"\/>\n\n\n\n<h4>Stage de s\u00e9rigraphie<\/h4>\n\n\n\n<p>Sur une journ\u00e9e, d\u00e9couverte et approfondissement du proc\u00e9d\u00e9 s\u00e9rigraphique.<\/p>\n\n\n\n<p>Public adulte \u2013 <br> Niveau d\u00e9butant \/ confirm\u00e9<br> 115 \u20ac la journ\u00e9e de 9 h 30 \u00e0 18 h.<br>2 \u00e0 3 personnes sur r\u00e9servation<br>Dispositif \u00ab\u00a0Sortir\u00a0\u00bb.<\/p>\n\n\n\n<p>Infos \/ inscription :<br>\u2192 <a rel=\"noreferrer noopener\" href=\"http:\/\/www.lapressepuree.fr\/cours-stages\/\" target=\"_blank\">La Presse Pur\u00e9e<\/a><\/p>\n\n\n\n<hr class=\"wp-block-separator\"\/>\n\n\n\n<h4>Cours de s\u00e9rigraphie<\/h4>\n\n\n\n<p>Familiarisation avec l\u2019atelier et d\u00e9couverte <br> du proc\u00e9d\u00e9 s\u00e9rigraphique.<br>Approfondissement des connaissances techniques afin d\u2019acqu\u00e9rir une autonomie.<\/p>\n\n\n\n<p>Public adulte \u2013 9 s\u00e9ances de 3 heures en cours collectifs (maximum 3 personnes)<br> 315 \u20ac + 15 \u20ac d\u2019adh\u00e9sion annuelle.<br>Dispositif \u00ab\u00a0Sortir\u00a0\u00bb<\/p>\n\n\n\n<p>Infos \/ inscription :<br>\u2192 <a rel=\"noreferrer noopener\" aria-label=\" (s\u2019ouvre dans un nouvel onglet)\" href=\"http:\/\/www.lapressepuree.fr\/cours-stages\/\" target=\"_blank\">La Presse Pur\u00e9e<\/a><\/p>\n<\/div>\n<\/div>\n","protected":false},"excerpt":{"rendered":"<p>AteliersCoursStages Adresse Atelier Le March\u00e9 Noir11, rue de Flandre35000 Rennes Bus C4, m\u00e9tro, V\u00e9lo STAR :arr\u00eat et station Villejean Universit\u00e9 Atelier de gravure Initiation \u00e0 la gravure ouvert aux d\u00e9butants ou aux ex-graveurs qui voudraient renouer avec la pratique. L&rsquo;Atelier Gravure propose une initiation aux&nbsp; techniques de gravure, technique sp\u00e9cifique suivant la s\u00e9ance (taille d&rsquo;\u00e9pargne, [&hellip;]<\/p>\n","protected":false},"author":1,"featured_media":0,"parent":0,"menu_order":0,"comment_status":"closed","ping_status":"closed","template":"","meta":[],"grid":"{\r\n  \"colCount\": 20,\r\n  \"colGutter\": 3,\r\n  \"rowGutters\": [\r\n    3,\r\n    3,\r\n    3,\r\n    3\r\n  ],\r\n  \"frameMargin\": 5,\r\n  \"leftFrameMargin\": 3,\r\n  \"rightFrameMargin\": 3,\r\n  \"topFrameMargin\": 150,\r\n  \"bottomFrameMargin\": 5,\r\n  \"rowAttrs\": [\r\n    {\r\n      \"relid\": 8\r\n    },\r\n    {\r\n      \"relid\": 13\r\n    },\r\n    {\r\n      \"relid\": 11\r\n    },\r\n    {\r\n      \"relid\": 15\r\n    },\r\n    {\r\n      \"relid\": 10\r\n    }\r\n  ],\r\n  \"bgColor\": null,\r\n  \"cont\": [\r\n    {\r\n      \"type\": \"img\",\r\n      \"cont\": \"\/wp-content\/uploads\/2022\/07\/120932883_3535113913176424_7502192615047005985_n.jpg\",\r\n      \"align\": \"top\",\r\n      \"row\": 0,\r\n      \"col\": 0,\r\n      \"colspan\": 9,\r\n      \"offsetx\": 3,\r\n      \"offsety\": 0,\r\n      \"spaceabove\": 0,\r\n      \"spacebelow\": 0,\r\n      \"yvel\": 1,\r\n      \"push\": 0,\r\n      \"relid\": 392,\r\n      \"attid\": 480,\r\n      \"sizes\": {\r\n        \"full\": \"\/wp-content\/uploads\/2022\/07\/120932883_3535113913176424_7502192615047005985_n.jpg\",\r\n        \"_768\": \"\/wp-content\/uploads\/2022\/07\/120932883_3535113913176424_7502192615047005985_n-768x581.jpg\",\r\n        \"_512\": \"\/wp-content\/uploads\/2022\/07\/120932883_3535113913176424_7502192615047005985_n-512x387.jpg\",\r\n        \"_265\": \"\/wp-content\/uploads\/2022\/07\/120932883_3535113913176424_7502192615047005985_n-265x200.jpg\"\r\n      },\r\n      \"w\": 960,\r\n      \"h\": 726,\r\n      \"ar\": 0.75625,\r\n      \"alt\": \"\",\r\n      \"frameOverflow\": \"\",\r\n      \"absolute_position\": false\r\n    },\r\n    {\r\n      \"type\": \"img\",\r\n      \"cont\": \"\/wp-content\/uploads\/2022\/07\/121211284_3544988905522258_9106918869499828696_n-1-e1658157137534.jpg\",\r\n      \"align\": \"top\",\r\n      \"row\": 0,\r\n      \"col\": 9,\r\n      \"colspan\": 6,\r\n      \"offsetx\": 3,\r\n      \"offsety\": 0,\r\n      \"spaceabove\": 0,\r\n      \"spacebelow\": 0,\r\n      \"yvel\": 1,\r\n      \"push\": 0,\r\n      \"relid\": 835,\r\n      \"attid\": 498,\r\n      \"sizes\": {\r\n        \"full\": \"\/wp-content\/uploads\/2022\/07\/121211284_3544988905522258_9106918869499828696_n-1-e1658157137534.jpg\",\r\n        \"_1280\": \"\/wp-content\/uploads\/2022\/07\/121211284_3544988905522258_9106918869499828696_n-1-e1658157137534-1280x1505.jpg\",\r\n        \"_1024\": \"\/wp-content\/uploads\/2022\/07\/121211284_3544988905522258_9106918869499828696_n-1-e1658157137534-1024x1204.jpg\",\r\n        \"_768\": \"\/wp-content\/uploads\/2022\/07\/121211284_3544988905522258_9106918869499828696_n-1-e1658157137534-768x903.jpg\",\r\n        \"_512\": \"\/wp-content\/uploads\/2022\/07\/121211284_3544988905522258_9106918869499828696_n-1-e1658157137534-512x602.jpg\",\r\n        \"_265\": \"\/wp-content\/uploads\/2022\/07\/121211284_3544988905522258_9106918869499828696_n-1-e1658157137534-265x312.jpg\"\r\n      },\r\n      \"w\": 1515,\r\n      \"h\": 1781,\r\n      \"ar\": 1.1755775577557757,\r\n      \"alt\": \"\",\r\n      \"frameOverflow\": \"\",\r\n      \"absolute_position\": false\r\n    },\r\n    {\r\n      \"type\": \"text\",\r\n      \"cont\": \"<h1 class=\\\"_Gros_Titre\\\">Ateliers<br \/>Cours<br \/>Stages<\/h1>\\n<p>\u00a0<\/p>\\n<h1 class=\\\"_Titre_1_espace\\\">Adresse<\/h1>\\n<p>Atelier Le March\u00e9 Noir<br \/>11, rue de Flandre<br \/>35000 Rennes<\/p>\\n<p class=\\\"has-small-font-size\\\">Bus C4, m\u00e9tro, V\u00e9lo STAR :<br \/>arr\u00eat et station Villejean Universit\u00e9<\/p>\",\r\n      \"align\": \"top\",\r\n      \"row\": 0,\r\n      \"col\": 15,\r\n      \"colspan\": 5,\r\n      \"offsetx\": 3,\r\n      \"offsety\": 0,\r\n      \"spaceabove\": 0,\r\n      \"spacebelow\": 0,\r\n      \"yvel\": 1,\r\n      \"push\": 0,\r\n      \"relid\": 5,\r\n      \"absolute_position\": false\r\n    },\r\n    {\r\n      \"type\": \"hr\",\r\n      \"cont\": \"\",\r\n      \"align\": \"onethird\",\r\n      \"row\": 1,\r\n      \"col\": 0,\r\n      \"colspan\": 20,\r\n      \"offsetx\": 0,\r\n      \"offsety\": 0,\r\n      \"spaceabove\": 0,\r\n      \"spacebelow\": 0,\r\n      \"yvel\": 1,\r\n      \"push\": 0,\r\n      \"relid\": 14,\r\n      \"absolute_position\": false,\r\n      \"frameOverflow\": \"\"\r\n    },\r\n    {\r\n      \"type\": \"text\",\r\n      \"cont\": \"<h1 class=\\\"_Gros_Titre\\\">Atelier enfants<\/h1>\\n<p>\u00a0<\/p>\\n<p>Le March\u00e9 Noir propose pour les 6-10 ans un atelier de d\u00e9couverte et de perfectionnement aux techniques d\u2019impression en s\u00e9rigraphie et en gravure. Sur plus de 30 s\u00e9ances les enfants pourront r\u00e9aliser des livres, des masques, des impressions sur textiles, etc. L\u2019id\u00e9e \u00e9tant de se familiariser avec les techniques d\u2019impression manufactur\u00e9es.<\/p>\\n<p>Public enfants \u2013 6 \u00e0 10 ans<br \/>Niveau d\u00e9butant <br \/><br \/><br \/>Le mercredi de 14 \u00e0 16h <br \/>(hors vacances scolaires)<br \/>33 s\u00e9ances de 2 h en cours collectifs <br \/>450 \u20ac\u00a0 \u20ac d\u2019adh\u00e9sion annuelle.<br \/>Dispositif <a href=\\\"https:\/\/sortir-rennesmetropole.fr\/\\\">\u00ab\u00a0Sortir\u00a0\u00bb<\/a><\/p>\\n<p>Infos \/ inscription :<br \/>\u2192 <a href=\\\"mailto:atelier-enfant@lemarchenoir.org\\\">atelier-enfant@lemarchenoir.org<\/a><\/p>\\n<p><span style=\\\"font-size: 12px;\\\">D\u00e9but des cours le mercredi 17 septembre 2025<\/span><\/p>\",\r\n      \"align\": \"top\",\r\n      \"row\": 2,\r\n      \"col\": 0,\r\n      \"colspan\": 5,\r\n      \"offsetx\": 0,\r\n      \"offsety\": 0,\r\n      \"spaceabove\": 0,\r\n      \"spacebelow\": 0,\r\n      \"yvel\": 1,\r\n      \"push\": 0,\r\n      \"relid\": 12,\r\n      \"absolute_position\": false\r\n    },\r\n    {\r\n      \"type\": \"elementgrid\",\r\n      \"cont\": \"\",\r\n      \"align\": \"top\",\r\n      \"row\": 2,\r\n      \"col\": 6,\r\n      \"colspan\": 14,\r\n      \"offsetx\": 0,\r\n      \"offsety\": 0,\r\n      \"spaceabove\": 0,\r\n      \"spacebelow\": 0,\r\n      \"yvel\": 1,\r\n      \"push\": 1,\r\n      \"relid\": 2384,\r\n      \"config\": {\r\n        \"desktop\": {\r\n          \"colCount\": 3,\r\n          \"colGutter\": 1,\r\n          \"rowGutter\": 1,\r\n          \"colGutterMu\": \"%\",\r\n          \"rowGutterMu\": \"%\"\r\n        },\r\n        \"tablet\": {\r\n          \"colCount\": 2,\r\n          \"colGutter\": 1,\r\n          \"rowGutter\": 1,\r\n          \"colGutterMu\": \"%\",\r\n          \"rowGutterMu\": \"%\"\r\n        },\r\n        \"phone\": {\r\n          \"colCount\": 1,\r\n          \"colGutter\": 1,\r\n          \"rowGutter\": 1,\r\n          \"colGutterMu\": \"%\",\r\n          \"rowGutterMu\": \"%\"\r\n        },\r\n        \"layoutType\": \"masonry\",\r\n        \"elements\": [\r\n          {\r\n            \"type\": \"img\",\r\n            \"attid\": 666,\r\n            \"cont\": \"\/wp-content\/uploads\/2025\/06\/COURS-ENFANT-ENFANT-MERCREDI.jpg\",\r\n            \"sizes\": {\r\n              \"full\": \"\/wp-content\/uploads\/2025\/06\/COURS-ENFANT-ENFANT-MERCREDI.jpg\",\r\n              \"_512\": \"\/wp-content\/uploads\/2025\/06\/COURS-ENFANT-ENFANT-MERCREDI-512x726.jpg\",\r\n              \"_265\": \"\/wp-content\/uploads\/2025\/06\/COURS-ENFANT-ENFANT-MERCREDI-265x376.jpg\"\r\n            },\r\n            \"w\": 705,\r\n            \"h\": 1000,\r\n            \"ar\": 1.4184397163120568,\r\n            \"alt\": \"\"\r\n          },\r\n          {\r\n            \"type\": \"img\",\r\n            \"attid\": 554,\r\n            \"cont\": \"\/wp-content\/uploads\/2022\/12\/ateliers-marchenoir-2015.jpg\",\r\n            \"sizes\": {\r\n              \"full\": \"\/wp-content\/uploads\/2022\/12\/ateliers-marchenoir-2015.jpg\",\r\n              \"_768\": \"\/wp-content\/uploads\/2022\/12\/ateliers-marchenoir-2015-768x433.jpg\",\r\n              \"_512\": \"\/wp-content\/uploads\/2022\/12\/ateliers-marchenoir-2015-512x289.jpg\",\r\n              \"_265\": \"\/wp-content\/uploads\/2022\/12\/ateliers-marchenoir-2015-265x149.jpg\"\r\n            },\r\n            \"w\": 800,\r\n            \"h\": 451,\r\n            \"ar\": 0.56375,\r\n            \"alt\": \"\"\r\n          },\r\n          {\r\n            \"type\": \"img\",\r\n            \"attid\": 663,\r\n            \"cont\": \"\/wp-content\/uploads\/2024\/11\/super-mini-imprimeur-masque.jpg\",\r\n            \"sizes\": {\r\n              \"full\": \"\/wp-content\/uploads\/2024\/11\/super-mini-imprimeur-masque.jpg\",\r\n              \"_1280\": \"\/wp-content\/uploads\/2024\/11\/super-mini-imprimeur-masque-1280x1707.jpg\",\r\n              \"_1024\": \"\/wp-content\/uploads\/2024\/11\/super-mini-imprimeur-masque-1024x1365.jpg\",\r\n              \"_768\": \"\/wp-content\/uploads\/2024\/11\/super-mini-imprimeur-masque-768x1024.jpg\",\r\n              \"_512\": \"\/wp-content\/uploads\/2024\/11\/super-mini-imprimeur-masque-512x683.jpg\",\r\n              \"_265\": \"\/wp-content\/uploads\/2024\/11\/super-mini-imprimeur-masque-265x353.jpg\"\r\n            },\r\n            \"w\": 1440,\r\n            \"h\": 1920,\r\n            \"ar\": 1.3333333333333333,\r\n            \"alt\": \"\"\r\n          },\r\n          {\r\n            \"type\": \"img\",\r\n            \"attid\": 665,\r\n            \"cont\": \"\/wp-content\/uploads\/2025\/06\/atelier-enfant.jpg\",\r\n            \"sizes\": {\r\n              \"full\": \"\/wp-content\/uploads\/2025\/06\/atelier-enfant.jpg\",\r\n              \"_512\": \"\/wp-content\/uploads\/2025\/06\/atelier-enfant-512x512.jpg\",\r\n              \"_265\": \"\/wp-content\/uploads\/2025\/06\/atelier-enfant-265x265.jpg\"\r\n            },\r\n            \"w\": 550,\r\n            \"h\": 550,\r\n            \"ar\": 1,\r\n            \"alt\": \"Atelier enfant, s\u00e9rigraphie\"\r\n          },\r\n          {\r\n            \"type\": \"img\",\r\n            \"attid\": 620,\r\n            \"cont\": \"\/wp-content\/uploads\/2024\/06\/447056805_8154302847937108_5708552463666941919_n.jpg\",\r\n            \"sizes\": {\r\n              \"full\": \"\/wp-content\/uploads\/2024\/06\/447056805_8154302847937108_5708552463666941919_n.jpg\",\r\n              \"_1280\": \"\/wp-content\/uploads\/2024\/06\/447056805_8154302847937108_5708552463666941919_n-1280x854.jpg\",\r\n              \"_1024\": \"\/wp-content\/uploads\/2024\/06\/447056805_8154302847937108_5708552463666941919_n-1024x683.jpg\",\r\n              \"_768\": \"\/wp-content\/uploads\/2024\/06\/447056805_8154302847937108_5708552463666941919_n-768x512.jpg\",\r\n              \"_512\": \"\/wp-content\/uploads\/2024\/06\/447056805_8154302847937108_5708552463666941919_n-512x341.jpg\",\r\n              \"_265\": \"\/wp-content\/uploads\/2024\/06\/447056805_8154302847937108_5708552463666941919_n-265x177.jpg\"\r\n            },\r\n            \"w\": 1600,\r\n            \"h\": 1067,\r\n            \"ar\": 0.666875,\r\n            \"alt\": \"\"\r\n          }\r\n        ],\r\n        \"addtostart\": false\r\n      },\r\n      \"absolute_position\": false,\r\n      \"frameOverflow\": \"\"\r\n    },\r\n    {\r\n      \"type\": \"hr\",\r\n      \"cont\": \"\",\r\n      \"align\": \"onethird\",\r\n      \"row\": 3,\r\n      \"col\": 0,\r\n      \"colspan\": 20,\r\n      \"offsetx\": 0,\r\n      \"offsety\": 0,\r\n      \"spaceabove\": 0,\r\n      \"spacebelow\": 0,\r\n      \"yvel\": 1,\r\n      \"push\": 0,\r\n      \"relid\": 16,\r\n      \"absolute_position\": false,\r\n      \"frameOverflow\": \"\"\r\n    },\r\n    {\r\n      \"type\": \"text\",\r\n      \"cont\": \"<h1 class=\\\"_Gros_Titre\\\">Cours de s\u00e9rigraphie<\/h1>\\n<p>\u00a0<\/p>\\n<p>Familiarisation avec l\u2019atelier et d\u00e9couverte<br \/>du proc\u00e9d\u00e9 s\u00e9rigraphique.<br \/>Approfondissement des connaissances techniques afin d\u2019acqu\u00e9rir une autonomie.<\/p>\\n<p>Public adulte \u2013<br \/>Niveau d\u00e9butant \/ confirm\u00e9<br \/><br \/>8 s\u00e9ances de 3 heures en cours collectifs (maximum 4 personnes)<br \/>315 \u20ac + 15 \u20ac d\u2019adh\u00e9sion annuelle.<br \/>Dispositif \u00ab\u00a0Sortir\u00a0\u00bb<\/p>\\n<p>Infos \/ inscription :<br \/>\u2192<span>\u00a0<\/span><a rel=\\\"noreferrer noopener\\\" href=\\\"http:\/\/www.lapressepuree.fr\/cours-stages\/\\\" target=\\\"_blank\\\" aria-label=\\\" (s\u2019ouvre dans un nouvel onglet)\\\">La Presse Pur\u00e9e<\/a><\/p>\",\r\n      \"align\": \"top\",\r\n      \"row\": 4,\r\n      \"col\": 0,\r\n      \"colspan\": 5,\r\n      \"offsetx\": 0,\r\n      \"offsety\": 0,\r\n      \"spaceabove\": 0,\r\n      \"spacebelow\": 0,\r\n      \"yvel\": 1,\r\n      \"push\": 0,\r\n      \"relid\": 9,\r\n      \"absolute_position\": false\r\n    },\r\n    {\r\n      \"type\": \"text\",\r\n      \"cont\": \"<h1 class=\\\"_Gros_Titre\\\">Stage de s\u00e9rigraphie<\/h1>\\n<p>\u00a0<\/p>\\n<p>Sur une journ\u00e9e, d\u00e9couverte et approfondissement du proc\u00e9d\u00e9 s\u00e9rigraphique.<\/p>\\n<p>Public adulte \u2013<br \/>Niveau d\u00e9butant \/ confirm\u00e9<br \/><br \/>115 \u20ac la journ\u00e9e de 9 h 30 \u00e0 18 h.<br \/>2 \u00e0 3 personnes sur r\u00e9servation<br \/>Dispositif \u00ab\u00a0Sortir\u00a0\u00bb.<\/p>\\n<p>Infos \/ inscription :<br \/>\u2192<span>\u00a0<\/span><a rel=\\\"noreferrer noopener\\\" href=\\\"http:\/\/www.lapressepuree.fr\/cours-stages\/\\\" target=\\\"_blank\\\">La Presse Pur\u00e9e<\/a><\/p>\",\r\n      \"align\": \"top\",\r\n      \"row\": 4,\r\n      \"col\": 5,\r\n      \"colspan\": 5,\r\n      \"offsetx\": 0,\r\n      \"offsety\": 0,\r\n      \"spaceabove\": 0,\r\n      \"spacebelow\": 0,\r\n      \"yvel\": 1,\r\n      \"push\": 0,\r\n      \"relid\": 7,\r\n      \"frameOverflow\": \"\",\r\n      \"absolute_position\": false\r\n    },\r\n    {\r\n      \"type\": \"text\",\r\n      \"cont\": \"<h1 class=\\\"_Gros_Titre\\\">Atelier de gravure<\/h1>\\n<p>\u00a0<\/p>\\n<p>Initiation \u00e0 la gravure ouvert aux<br \/>d\u00e9butants ou aux ex-graveurs qui voudraient<br \/>renouer avec la pratique.<\/p>\\n<p>L\u2019Atelier Gravure propose une initiation aux\u00a0 techniques de gravure, technique sp\u00e9cifique suivant la s\u00e9ance (taille d\u2019\u00e9pargne, taille douce, eaux fortes). Le mat\u00e9riel est fourni. Vous repartirez avec vos exemplaires<br \/>produits sur place.\u00a0<\/p>\\n<p>1 samedi par mois, de 14h \u00e0 18h.<br \/>Public adulte \u2013 Niveau d\u00e9butant.\u00a0<br \/>Nombre de places : entre 6 et 14 par session.<br \/>Tarif : 40 \u20ac \/ personne par s\u00e9ance.<br \/>(mat\u00e9riel inclu)<\/p>\\n<p>Infos \/ inscription :<br \/>\u2192<span>\u00a0<\/span><a rel=\\\"noreferrer noopener\\\" href=\\\"https:\/\/atelierimprimerie.wordpress.com\/\\\" target=\\\"_blank\\\">Atelier L\u2019Imprimerie<\/a><\/p>\",\r\n      \"align\": \"top\",\r\n      \"row\": 4,\r\n      \"col\": 10,\r\n      \"colspan\": 5,\r\n      \"offsetx\": 0,\r\n      \"offsety\": 0,\r\n      \"spaceabove\": 0,\r\n      \"spacebelow\": 0,\r\n      \"yvel\": 1,\r\n      \"push\": 0,\r\n      \"relid\": 4,\r\n      \"absolute_position\": false\r\n    },\r\n    {\r\n      \"type\": \"text\",\r\n      \"cont\": \"<h1 class=\\\"_Gros_Titre\\\">Initiation s\u00e9rigraphie<\/h1>\\n<p>\u00a0<\/p>\\n<p>La Fabrique est ouverte \u00e0 tous, d\u00e9butants ou f\u00e9rus. Les participants mettent la main \u00e0 la p\u00e2te \u00e0 toutes les \u00e9tapes : cr\u00e9ation, insolation, impression, fa\u00e7onnage\u2026 et repartiront les mains sales mais avec un exemplaire in\u00e9dit des cr\u00e9ations collectives du jour !\u00a0<\/p>\\n<p>1 samedi par mois, de 14 \u00e0 19h.<br \/>Public adulte \u2013 Niveau d\u00e9butant.\u00a0<br \/>Nombre de places : entre 6 et 14 par session.<br \/>Tarif : 40 \u20ac \/ personne (mat\u00e9riel inclu)<\/p>\\n<p>Infos \/ inscription :<br \/>\u2192<span>\u00a0<\/span><a rel=\\\"noreferrer noopener\\\" href=\\\"https:\/\/atelierdubourg.fr\/adb\/portfolio\/la-fabrique-du-samedi\/\\\" target=\\\"_blank\\\" aria-label=\\\" (s\u2019ouvre dans un nouvel onglet)\\\">L\u2019Atelier du Bourg<\/a><\/p>\",\r\n      \"align\": \"top\",\r\n      \"row\": 4,\r\n      \"col\": 15,\r\n      \"colspan\": 5,\r\n      \"offsetx\": 0,\r\n      \"offsety\": 0,\r\n      \"spaceabove\": 0,\r\n      \"spacebelow\": 0,\r\n      \"yvel\": 1,\r\n      \"push\": 0,\r\n      \"relid\": 6,\r\n      \"absolute_position\": false\r\n    }\r\n  ]\r\n}","phonegrid":"","_links":{"self":[{"href":"http:\/\/www.lemarchenoir.org\/new\/wp-json\/wp\/v2\/pages\/250"}],"collection":[{"href":"http:\/\/www.lemarchenoir.org\/new\/wp-json\/wp\/v2\/pages"}],"about":[{"href":"http:\/\/www.lemarchenoir.org\/new\/wp-json\/wp\/v2\/types\/page"}],"author":[{"embeddable":true,"href":"http:\/\/www.lemarchenoir.org\/new\/wp-json\/wp\/v2\/users\/1"}],"replies":[{"embeddable":true,"href":"http:\/\/www.lemarchenoir.org\/new\/wp-json\/wp\/v2\/comments?post=250"}],"version-history":[{"count":10,"href":"http:\/\/www.lemarchenoir.org\/new\/wp-json\/wp\/v2\/pages\/250\/revisions"}],"predecessor-version":[{"id":664,"href":"http:\/\/www.lemarchenoir.org\/new\/wp-json\/wp\/v2\/pages\/250\/revisions\/664"}],"wp:attachment":[{"href":"http:\/\/www.lemarchenoir.org\/new\/wp-json\/wp\/v2\/media?parent=250"}],"curies":[{"name":"wp","href":"https:\/\/api.w.org\/{rel}","templated":true}]}}