{"id":160,"date":"2019-07-04T15:36:26","date_gmt":"2019-07-04T13:36:26","guid":{"rendered":"http:\/\/www.lemarchenoir.org\/new\/?page_id=160"},"modified":"2022-07-18T16:58:31","modified_gmt":"2022-07-18T14:58:31","slug":"atelier","status":"publish","type":"page","link":"http:\/\/www.lemarchenoir.org\/new\/atelier\/","title":{"rendered":"Laboratoire"},"content":{"rendered":"\n<figure class=\"wp-block-image alignwide\"><img decoding=\"async\" loading=\"lazy\" width=\"1024\" height=\"541\" src=\"http:\/\/www.lemarchenoir.org\/new\/wp-content\/uploads\/2019\/07\/laboratoire-1024x541.jpg\" alt=\"\" class=\"wp-image-267\" srcset=\"http:\/\/www.lemarchenoir.org\/new\/wp-content\/uploads\/2019\/07\/laboratoire-1024x541.jpg 1024w, http:\/\/www.lemarchenoir.org\/new\/wp-content\/uploads\/2019\/07\/laboratoire-300x158.jpg 300w, http:\/\/www.lemarchenoir.org\/new\/wp-content\/uploads\/2019\/07\/laboratoire-768x406.jpg 768w, http:\/\/www.lemarchenoir.org\/new\/wp-content\/uploads\/2019\/07\/laboratoire.jpg 1250w\" sizes=\"(max-width: 1024px) 100vw, 1024px\" \/><\/figure>\n\n\n\n<div class=\"is-layout-flex wp-container-3 wp-block-columns alignwide has-2-columns\">\n<div class=\"is-layout-flow wp-block-column\">\n<p>\u2014<\/p>\n\n\n\n<p>Le March\u00e9 Noir dispose \u00e0 Rennes d\u2019un espace de 200m\u00b2 consacr\u00e9 aux arts graphiques et imprim\u00e9s. Ce  laboratoire est d\u00e9di\u00e9 aux exp\u00e9rimentations plastiques autour de l\u2019\u00e9dition et de l\u2019estampe :<br><br>Autoproductions<br>\u2014<br>Commandes<br>\u2014<br><a href=\"http:\/\/www.lemarchenoir.org\/new\/ateliers\/\">Ateliers de formation<\/a> <br>aux techniques artisanales sous la forme de cours et de workshops.<\/p>\n\n\n\n<p>S\u00e9rigraphie \/  gravure \/ design graphique \/ dessin \/ cr\u00e9ation \u00e9ditoriale \/ impression typographique<\/p>\n<\/div>\n\n\n\n<div class=\"is-layout-flow wp-block-column\">\n<p>\u2014<\/p>\n\n\n\n<h4>Adresse<\/h4>\n\n\n\n<p>Atelier Le March\u00e9 Noir<br>11, rue de Flandre<br>35000 Rennes<\/p>\n\n\n\n<p class=\"has-small-font-size\">Bus C4, m\u00e9tro, V\u00e9lo STAR :<br>arr\u00eat et station Villejean Universit\u00e9<\/p>\n<\/div>\n<\/div>\n","protected":false},"excerpt":{"rendered":"<p>\u2014 Le March\u00e9 Noir dispose \u00e0 Rennes d\u2019un espace de 200m\u00b2 consacr\u00e9 aux arts graphiques et imprim\u00e9s. Ce laboratoire est d\u00e9di\u00e9 aux exp\u00e9rimentations plastiques autour de l\u2019\u00e9dition et de l\u2019estampe : Autoproductions\u2014Commandes\u2014Ateliers de formation aux techniques artisanales sous la forme de cours et de workshops. S\u00e9rigraphie \/ gravure \/ design graphique \/ dessin \/ cr\u00e9ation [&hellip;]<\/p>\n","protected":false},"author":1,"featured_media":0,"parent":0,"menu_order":0,"comment_status":"closed","ping_status":"closed","template":"","meta":[],"grid":"{\r\n  \"colCount\": 20,\r\n  \"colGutter\": 3,\r\n  \"rowGutters\": [],\r\n  \"frameMargin\": 5,\r\n  \"leftFrameMargin\": 3,\r\n  \"rightFrameMargin\": 3,\r\n  \"topFrameMargin\": 150,\r\n  \"bottomFrameMargin\": 5,\r\n  \"rowAttrs\": [\r\n    {}\r\n  ],\r\n  \"bgColor\": null,\r\n  \"cont\": [\r\n    {\r\n      \"type\": \"img\",\r\n      \"cont\": \"\/wp-content\/uploads\/2022\/07\/120962251_3535113969843085_4995350111938372421_n.jpg\",\r\n      \"align\": \"top\",\r\n      \"row\": 0,\r\n      \"col\": 0,\r\n      \"colspan\": 11,\r\n      \"offsetx\": 3,\r\n      \"offsety\": 0,\r\n      \"spaceabove\": 0,\r\n      \"spacebelow\": 0,\r\n      \"yvel\": 1,\r\n      \"push\": 0,\r\n      \"relid\": 396,\r\n      \"attid\": 481,\r\n      \"sizes\": {\r\n        \"full\": \"\/wp-content\/uploads\/2022\/07\/120962251_3535113969843085_4995350111938372421_n.jpg\",\r\n        \"_768\": \"\/wp-content\/uploads\/2022\/07\/120962251_3535113969843085_4995350111938372421_n-768x536.jpg\",\r\n        \"_512\": \"\/wp-content\/uploads\/2022\/07\/120962251_3535113969843085_4995350111938372421_n-512x357.jpg\",\r\n        \"_265\": \"\/wp-content\/uploads\/2022\/07\/120962251_3535113969843085_4995350111938372421_n-265x185.jpg\"\r\n      },\r\n      \"w\": 860,\r\n      \"h\": 600,\r\n      \"ar\": 0.6976744186046512,\r\n      \"alt\": \"\",\r\n      \"frameOverflow\": \"\"\r\n    },\r\n    {\r\n      \"type\": \"text\",\r\n      \"cont\": \"<p class=\\\"_Texte_labeur\\\"><strong>Le March\u00e9 Noir<\/strong> dispose \u00e0 Rennes d\u2019un espace de 200m\u00b2 consacr\u00e9 aux arts graphiques et imprim\u00e9s. Ce laboratoire est d\u00e9di\u00e9 aux exp\u00e9rimentations plastiques autour de l\u2019\u00e9dition et de l\u2019estampe :<\/p>\\n<h1 class=\\\"_Titre_1\\\"><br \/>Autoproductions<\/h1>\\n<p class=\\\"_Texte_labeur\\\">\u2014<\/p>\\n<h1 class=\\\"_Titre_1\\\">Commandes<\/h1>\\n<p class=\\\"_Texte_labeur\\\">\u2014<\/p>\\n<h1 class=\\\"_Titre_1\\\"><a href=\\\"http:\/\/www.lemarchenoir.org\/new\/ateliers\/\\\">Ateliers de formation<\/a><\/h1>\\n<p class=\\\"_Texte_labeur\\\" style=\\\"text-align: left;\\\"><br \/><span>\u2192 <\/span>aux techniques artisanales sous la forme de cours et de workshops.<br \/>S\u00e9rigraphie \/ gravure \/ design graphique \/ dessin \/ cr\u00e9ation \u00e9ditoriale \/ impression typographique<\/p>\",\r\n      \"align\": \"top\",\r\n      \"row\": 0,\r\n      \"col\": 11,\r\n      \"colspan\": 5,\r\n      \"offsetx\": 3,\r\n      \"offsety\": 0,\r\n      \"spaceabove\": 0,\r\n      \"spacebelow\": 0,\r\n      \"yvel\": 1,\r\n      \"push\": 0,\r\n      \"relid\": 4\r\n    },\r\n    {\r\n      \"type\": \"text\",\r\n      \"cont\": \"<h4>Adresse<\/h4>\\n<p>Atelier Le March\u00e9 Noir<br \/>11, rue de Flandre<br \/>35000 Rennes<\/p>\\n<p class=\\\"has-small-font-size\\\">Bus C4, m\u00e9tro, V\u00e9lo STAR\u00a0:<br \/>arr\u00eat et station Villejean Universit\u00e9<\/p>\",\r\n      \"align\": \"top\",\r\n      \"row\": 0,\r\n      \"col\": 16,\r\n      \"colspan\": 4,\r\n      \"offsetx\": 3,\r\n      \"offsety\": 0,\r\n      \"spaceabove\": 0,\r\n      \"spacebelow\": 0,\r\n      \"yvel\": 1,\r\n      \"push\": 0,\r\n      \"relid\": 521,\r\n      \"frameOverflow\": \"\"\r\n    }\r\n  ]\r\n}","phonegrid":"","_links":{"self":[{"href":"http:\/\/www.lemarchenoir.org\/new\/wp-json\/wp\/v2\/pages\/160"}],"collection":[{"href":"http:\/\/www.lemarchenoir.org\/new\/wp-json\/wp\/v2\/pages"}],"about":[{"href":"http:\/\/www.lemarchenoir.org\/new\/wp-json\/wp\/v2\/types\/page"}],"author":[{"embeddable":true,"href":"http:\/\/www.lemarchenoir.org\/new\/wp-json\/wp\/v2\/users\/1"}],"replies":[{"embeddable":true,"href":"http:\/\/www.lemarchenoir.org\/new\/wp-json\/wp\/v2\/comments?post=160"}],"version-history":[{"count":19,"href":"http:\/\/www.lemarchenoir.org\/new\/wp-json\/wp\/v2\/pages\/160\/revisions"}],"predecessor-version":[{"id":271,"href":"http:\/\/www.lemarchenoir.org\/new\/wp-json\/wp\/v2\/pages\/160\/revisions\/271"}],"wp:attachment":[{"href":"http:\/\/www.lemarchenoir.org\/new\/wp-json\/wp\/v2\/media?parent=160"}],"curies":[{"name":"wp","href":"https:\/\/api.w.org\/{rel}","templated":true}]}}